{"id":6,"date":"2018-11-27T09:17:28","date_gmt":"2018-11-27T09:17:28","guid":{"rendered":"https:\/\/berrygoods.pt\/services\/"},"modified":"2021-02-10T13:47:10","modified_gmt":"2021-02-10T13:47:10","slug":"produtos","status":"publish","type":"page","link":"https:\/\/berrygoods.pt\/en\/produtos\/","title":{"rendered":"Services"},"content":{"rendered":"<div data-elementor-type=\"wp-post\" data-elementor-id=\"6\" class=\"elementor elementor-6\" data-elementor-settings=\"[]\">\n\t\t\t\t\t\t\t<div class=\"elementor-section-wrap\">\n\t\t\t\t\t\t\t<section class=\"elementor-section elementor-top-section elementor-element elementor-element-33a79095 elementor-section-boxed elementor-section-height-default elementor-section-height-default\" data-id=\"33a79095\" data-element_type=\"section\" data-settings=\"{&quot;background_background&quot;:&quot;classic&quot;}\">\n\t\t\t\t\t\t\t<div class=\"elementor-background-overlay\"><\/div>\n\t\t\t\t\t\t\t<div class=\"elementor-container elementor-column-gap-default\">\n\t\t\t\t\t<div class=\"elementor-column elementor-col-100 elementor-top-column elementor-element elementor-element-3706530d\" data-id=\"3706530d\" data-element_type=\"column\">\n\t\t\t<div class=\"elementor-widget-wrap elementor-element-populated\">\n\t\t\t\t\t\t\t\t<div class=\"elementor-element elementor-element-537de1f elementor-widget elementor-widget-heading\" data-id=\"537de1f\" data-element_type=\"widget\" data-widget_type=\"heading.default\">\n\t\t\t\t<div class=\"elementor-widget-container\">\n\t\t\t<h1 class=\"elementor-heading-title elementor-size-default\">Our Products<\/h1>\t\t<\/div>\n\t\t\t\t<\/div>\n\t\t\t\t<div class=\"elementor-element elementor-element-830b94a elementor-widget-divider--view-line elementor-widget elementor-widget-divider\" data-id=\"830b94a\" data-element_type=\"widget\" data-widget_type=\"divider.default\">\n\t\t\t\t<div class=\"elementor-widget-container\">\n\t\t\t\t\t<div class=\"elementor-divider\">\n\t\t\t<span class=\"elementor-divider-separator\">\n\t\t\t\t\t\t<\/span>\n\t\t<\/div>\n\t\t\t\t<\/div>\n\t\t\t\t<\/div>\n\t\t\t\t\t<\/div>\n\t\t<\/div>\n\t\t\t\t\t\t\t<\/div>\n\t\t<\/section>\n\t\t\t\t<section class=\"elementor-section elementor-top-section elementor-element elementor-element-9eb977e elementor-section-boxed elementor-section-height-default elementor-section-height-default\" data-id=\"9eb977e\" data-element_type=\"section\">\n\t\t\t\t\t\t<div class=\"elementor-container elementor-column-gap-default\">\n\t\t\t\t\t<div class=\"elementor-column elementor-col-100 elementor-top-column elementor-element elementor-element-8847faa\" data-id=\"8847faa\" data-element_type=\"column\">\n\t\t\t<div class=\"elementor-widget-wrap elementor-element-populated\">\n\t\t\t\t\t\t\t\t<section class=\"elementor-section elementor-inner-section elementor-element elementor-element-1e0e1cc elementor-section-boxed elementor-section-height-default elementor-section-height-default\" data-id=\"1e0e1cc\" data-element_type=\"section\">\n\t\t\t\t\t\t\t<div class=\"elementor-background-overlay\"><\/div>\n\t\t\t\t\t\t\t<div class=\"elementor-container elementor-column-gap-default\">\n\t\t\t\t\t<div class=\"elementor-column elementor-col-50 elementor-inner-column elementor-element elementor-element-d30b63f\" data-id=\"d30b63f\" data-element_type=\"column\">\n\t\t\t<div class=\"elementor-widget-wrap elementor-element-populated\">\n\t\t\t\t\t\t\t\t<div class=\"elementor-element elementor-element-fbb7e46 elementor-widget elementor-widget-image\" data-id=\"fbb7e46\" data-element_type=\"widget\" data-widget_type=\"image.default\">\n\t\t\t\t<div class=\"elementor-widget-container\">\n\t\t\t\t\t<div class=\"elementor-image\">\n\t\t\t\t\t\t\t\t\t\t<img width=\"1024\" height=\"683\" src=\"https:\/\/berrygoods.pt\/wp-content\/uploads\/2021\/02\/raspberries-1465988_1920-1024x683.jpg\" class=\"attachment-large size-large\" alt=\"\" decoding=\"async\" loading=\"lazy\" srcset=\"https:\/\/berrygoods.pt\/wp-content\/uploads\/2021\/02\/raspberries-1465988_1920-1024x683.jpg 1024w, https:\/\/berrygoods.pt\/wp-content\/uploads\/2021\/02\/raspberries-1465988_1920-300x200.jpg 300w, https:\/\/berrygoods.pt\/wp-content\/uploads\/2021\/02\/raspberries-1465988_1920-768x512.jpg 768w, https:\/\/berrygoods.pt\/wp-content\/uploads\/2021\/02\/raspberries-1465988_1920-1536x1024.jpg 1536w, https:\/\/berrygoods.pt\/wp-content\/uploads\/2021\/02\/raspberries-1465988_1920.jpg 1920w\" sizes=\"(max-width: 1024px) 100vw, 1024px\" \/>\t\t\t\t\t\t\t\t\t\t\t<\/div>\n\t\t\t\t<\/div>\n\t\t\t\t<\/div>\n\t\t\t\t\t<\/div>\n\t\t<\/div>\n\t\t\t\t<div class=\"elementor-column elementor-col-50 elementor-inner-column elementor-element elementor-element-ade3e70\" data-id=\"ade3e70\" data-element_type=\"column\">\n\t\t\t<div class=\"elementor-widget-wrap elementor-element-populated\">\n\t\t\t\t\t\t\t\t<div class=\"elementor-element elementor-element-4c42443 elementor-position-top elementor-vertical-align-top elementor-widget elementor-widget-image-box\" data-id=\"4c42443\" data-element_type=\"widget\" data-widget_type=\"image-box.default\">\n\t\t\t\t<div class=\"elementor-widget-container\">\n\t\t\t<div class=\"elementor-image-box-wrapper\"><div class=\"elementor-image-box-content\"><h5 class=\"elementor-image-box-title\">Raspberry<\/h5><p class=\"elementor-image-box-description\"><span style=\"font-size: 16px; font-style: normal; font-weight: 400;\">Raspberry is our main product. <\/span><span style=\"font-size: 16px; font-style: normal; font-weight: 400;\">We sell to both national and european markets. <\/span><br><span style=\"font-size: 16px; font-style: normal; font-weight: 400;\">Berrygoods produces two kinds of Raspberries, Kueli and Imara, both perfectly adapted to the local climate. <\/span><span style=\"font-size: 16px; font-style: normal; font-weight: 400;\">The crop takes place between May and January.<\/span><br>For more information about the product, do not hesitate to contact us.<\/p><\/div><\/div>\t\t<\/div>\n\t\t\t\t<\/div>\n\t\t\t\t<div class=\"elementor-element elementor-element-a346bc8 elementor-align-center elementor-hidden-phone elementor-widget elementor-widget-button\" data-id=\"a346bc8\" data-element_type=\"widget\" data-widget_type=\"button.default\">\n\t\t\t\t<div class=\"elementor-widget-container\">\n\t\t\t\t\t<div class=\"elementor-button-wrapper\">\n\t\t\t<a href=\"https:\/\/berrygoods.pt\/en\/contact\/\" class=\"elementor-button-link elementor-button elementor-size-sm\" role=\"button\">\n\t\t\t\t\t\t<span class=\"elementor-button-content-wrapper\">\n\t\t\t\t\t\t<span class=\"elementor-button-icon elementor-align-icon-right\">\n\t\t\t\t<i aria-hidden=\"true\" class=\"fas fa-long-arrow-alt-right\"><\/i>\t\t\t<\/span>\n\t\t\t\t\t\t<span class=\"elementor-button-text\">Contact Us<\/span>\n\t\t<\/span>\n\t\t\t\t\t<\/a>\n\t\t<\/div>\n\t\t\t\t<\/div>\n\t\t\t\t<\/div>\n\t\t\t\t\t<\/div>\n\t\t<\/div>\n\t\t\t\t\t\t\t<\/div>\n\t\t<\/section>\n\t\t\t\t<section class=\"elementor-section elementor-inner-section elementor-element elementor-element-51799d7 elementor-section-boxed elementor-section-height-default elementor-section-height-default\" data-id=\"51799d7\" data-element_type=\"section\">\n\t\t\t\t\t\t<div class=\"elementor-container elementor-column-gap-default\">\n\t\t\t\t\t<div class=\"elementor-column elementor-col-50 elementor-inner-column elementor-element elementor-element-8bdaeaf\" data-id=\"8bdaeaf\" data-element_type=\"column\">\n\t\t\t<div class=\"elementor-widget-wrap elementor-element-populated\">\n\t\t\t\t\t\t\t\t<div class=\"elementor-element elementor-element-b1ab98d elementor-position-top elementor-vertical-align-top elementor-widget elementor-widget-image-box\" data-id=\"b1ab98d\" data-element_type=\"widget\" data-widget_type=\"image-box.default\">\n\t\t\t\t<div class=\"elementor-widget-container\">\n\t\t\t<div class=\"elementor-image-box-wrapper\"><div class=\"elementor-image-box-content\"><h5 class=\"elementor-image-box-title\">Passion Fruit<\/h5><p class=\"elementor-image-box-description\">Passion Fruit is a brand new product that has enjoyed excellent acceptance by our customers.<br>The crop goes on throughout the year.<br><span style=\"font-size: 16px; font-style: normal; font-weight: 400;\">For more information about the product, do not hesitate to contact us.<\/span><\/p><\/div><\/div>\t\t<\/div>\n\t\t\t\t<\/div>\n\t\t\t\t<div class=\"elementor-element elementor-element-1adb204 elementor-align-center elementor-hidden-phone elementor-widget elementor-widget-button\" data-id=\"1adb204\" data-element_type=\"widget\" data-widget_type=\"button.default\">\n\t\t\t\t<div class=\"elementor-widget-container\">\n\t\t\t\t\t<div class=\"elementor-button-wrapper\">\n\t\t\t<a href=\"https:\/\/berrygoods.pt\/en\/contact\/\" class=\"elementor-button-link elementor-button elementor-size-sm\" role=\"button\">\n\t\t\t\t\t\t<span class=\"elementor-button-content-wrapper\">\n\t\t\t\t\t\t<span class=\"elementor-button-icon elementor-align-icon-right\">\n\t\t\t\t<i aria-hidden=\"true\" class=\"fas fa-long-arrow-alt-right\"><\/i>\t\t\t<\/span>\n\t\t\t\t\t\t<span class=\"elementor-button-text\">Contact Us<\/span>\n\t\t<\/span>\n\t\t\t\t\t<\/a>\n\t\t<\/div>\n\t\t\t\t<\/div>\n\t\t\t\t<\/div>\n\t\t\t\t\t<\/div>\n\t\t<\/div>\n\t\t\t\t<div class=\"elementor-column elementor-col-50 elementor-inner-column elementor-element elementor-element-a61b8e1 elementor-hidden-phone\" data-id=\"a61b8e1\" data-element_type=\"column\">\n\t\t\t<div class=\"elementor-widget-wrap elementor-element-populated\">\n\t\t\t\t\t\t\t\t<div class=\"elementor-element elementor-element-3a45e90 elementor-widget elementor-widget-image\" data-id=\"3a45e90\" data-element_type=\"widget\" data-widget_type=\"image.default\">\n\t\t\t\t<div class=\"elementor-widget-container\">\n\t\t\t\t\t<div class=\"elementor-image\">\n\t\t\t\t\t\t\t\t\t\t<img width=\"200\" height=\"300\" src=\"https:\/\/berrygoods.pt\/wp-content\/uploads\/2021\/02\/pexels-any-lane-5946097-200x300.jpg\" class=\"attachment-medium size-medium\" alt=\"\" decoding=\"async\" loading=\"lazy\" srcset=\"https:\/\/berrygoods.pt\/wp-content\/uploads\/2021\/02\/pexels-any-lane-5946097-200x300.jpg 200w, https:\/\/berrygoods.pt\/wp-content\/uploads\/2021\/02\/pexels-any-lane-5946097-683x1024.jpg 683w, https:\/\/berrygoods.pt\/wp-content\/uploads\/2021\/02\/pexels-any-lane-5946097-768x1152.jpg 768w, https:\/\/berrygoods.pt\/wp-content\/uploads\/2021\/02\/pexels-any-lane-5946097-1024x1536.jpg 1024w, https:\/\/berrygoods.pt\/wp-content\/uploads\/2021\/02\/pexels-any-lane-5946097-1365x2048.jpg 1365w, https:\/\/berrygoods.pt\/wp-content\/uploads\/2021\/02\/pexels-any-lane-5946097-scaled.jpg 1707w\" sizes=\"(max-width: 200px) 100vw, 200px\" \/>\t\t\t\t\t\t\t\t\t\t\t<\/div>\n\t\t\t\t<\/div>\n\t\t\t\t<\/div>\n\t\t\t\t\t<\/div>\n\t\t<\/div>\n\t\t\t\t\t\t\t<\/div>\n\t\t<\/section>\n\t\t\t\t<section class=\"elementor-section elementor-inner-section elementor-element elementor-element-4a9263a elementor-section-boxed elementor-section-height-default elementor-section-height-default\" data-id=\"4a9263a\" data-element_type=\"section\">\n\t\t\t\t\t\t\t<div class=\"elementor-background-overlay\"><\/div>\n\t\t\t\t\t\t\t<div class=\"elementor-container elementor-column-gap-default\">\n\t\t\t\t\t<div class=\"elementor-column elementor-col-50 elementor-inner-column elementor-element elementor-element-d9485b5 elementor-hidden-phone\" data-id=\"d9485b5\" data-element_type=\"column\">\n\t\t\t<div class=\"elementor-widget-wrap elementor-element-populated\">\n\t\t\t\t\t\t\t\t<div class=\"elementor-element elementor-element-853f902 elementor-widget elementor-widget-image\" data-id=\"853f902\" data-element_type=\"widget\" data-widget_type=\"image.default\">\n\t\t\t\t<div class=\"elementor-widget-container\">\n\t\t\t\t\t<div class=\"elementor-image\">\n\t\t\t\t\t\t\t\t\t\t<img width=\"1024\" height=\"681\" src=\"https:\/\/berrygoods.pt\/wp-content\/uploads\/2021\/02\/pexels-pixabay-266346-1024x681.jpg\" class=\"attachment-large size-large\" alt=\"\" decoding=\"async\" loading=\"lazy\" srcset=\"https:\/\/berrygoods.pt\/wp-content\/uploads\/2021\/02\/pexels-pixabay-266346-1024x681.jpg 1024w, https:\/\/berrygoods.pt\/wp-content\/uploads\/2021\/02\/pexels-pixabay-266346-300x199.jpg 300w, https:\/\/berrygoods.pt\/wp-content\/uploads\/2021\/02\/pexels-pixabay-266346-768x510.jpg 768w, https:\/\/berrygoods.pt\/wp-content\/uploads\/2021\/02\/pexels-pixabay-266346-1536x1021.jpg 1536w, https:\/\/berrygoods.pt\/wp-content\/uploads\/2021\/02\/pexels-pixabay-266346.jpg 1920w\" sizes=\"(max-width: 1024px) 100vw, 1024px\" \/>\t\t\t\t\t\t\t\t\t\t\t<\/div>\n\t\t\t\t<\/div>\n\t\t\t\t<\/div>\n\t\t\t\t\t<\/div>\n\t\t<\/div>\n\t\t\t\t<div class=\"elementor-column elementor-col-50 elementor-inner-column elementor-element elementor-element-24cc46f\" data-id=\"24cc46f\" data-element_type=\"column\">\n\t\t\t<div class=\"elementor-widget-wrap elementor-element-populated\">\n\t\t\t\t\t\t\t\t<div class=\"elementor-element elementor-element-1fcec77 elementor-position-top elementor-vertical-align-top elementor-widget elementor-widget-image-box\" data-id=\"1fcec77\" data-element_type=\"widget\" data-widget_type=\"image-box.default\">\n\t\t\t\t<div class=\"elementor-widget-container\">\n\t\t\t<div class=\"elementor-image-box-wrapper\"><div class=\"elementor-image-box-content\"><h5 class=\"elementor-image-box-title\">Lemon<\/h5><p class=\"elementor-image-box-description\">Lemon is one of the fruits that are most produced in Portugal, with Berrygoods you can buy Lemon with the quality seal that our customers got used to over the years.<br><span style=\"font-size: 16px; font-style: normal; font-weight: 400;\">For more information about the product, do not hesitate to contact us.<\/span><\/p><\/div><\/div>\t\t<\/div>\n\t\t\t\t<\/div>\n\t\t\t\t<div class=\"elementor-element elementor-element-5d9724c elementor-align-center elementor-hidden-phone elementor-widget elementor-widget-button\" data-id=\"5d9724c\" data-element_type=\"widget\" data-widget_type=\"button.default\">\n\t\t\t\t<div class=\"elementor-widget-container\">\n\t\t\t\t\t<div class=\"elementor-button-wrapper\">\n\t\t\t<a href=\"https:\/\/berrygoods.pt\/en\/contact\/\" class=\"elementor-button-link elementor-button elementor-size-sm\" role=\"button\">\n\t\t\t\t\t\t<span class=\"elementor-button-content-wrapper\">\n\t\t\t\t\t\t<span class=\"elementor-button-icon elementor-align-icon-right\">\n\t\t\t\t<i aria-hidden=\"true\" class=\"fas fa-long-arrow-alt-right\"><\/i>\t\t\t<\/span>\n\t\t\t\t\t\t<span class=\"elementor-button-text\">Contact Us<\/span>\n\t\t<\/span>\n\t\t\t\t\t<\/a>\n\t\t<\/div>\n\t\t\t\t<\/div>\n\t\t\t\t<\/div>\n\t\t\t\t\t<\/div>\n\t\t<\/div>\n\t\t\t\t\t\t\t<\/div>\n\t\t<\/section>\n\t\t\t\t<section class=\"elementor-section elementor-inner-section elementor-element elementor-element-da18bd3 elementor-section-boxed elementor-section-height-default elementor-section-height-default\" data-id=\"da18bd3\" data-element_type=\"section\">\n\t\t\t\t\t\t\t<div class=\"elementor-background-overlay\"><\/div>\n\t\t\t\t\t\t\t<div class=\"elementor-container elementor-column-gap-default\">\n\t\t\t\t\t<div class=\"elementor-column elementor-col-50 elementor-inner-column elementor-element elementor-element-74d409e\" data-id=\"74d409e\" data-element_type=\"column\">\n\t\t\t<div class=\"elementor-widget-wrap elementor-element-populated\">\n\t\t\t\t\t\t\t\t<div class=\"elementor-element elementor-element-603fa59 elementor-position-top elementor-vertical-align-top elementor-widget elementor-widget-image-box\" data-id=\"603fa59\" data-element_type=\"widget\" data-widget_type=\"image-box.default\">\n\t\t\t\t<div class=\"elementor-widget-container\">\n\t\t\t<div class=\"elementor-image-box-wrapper\"><div class=\"elementor-image-box-content\"><h5 class=\"elementor-image-box-title\">Table Grape (no grain)<\/h5><p class=\"elementor-image-box-description\">Table Grape is the latest product in the process of joining the Berrygoods family.<br>We are working so that next year we can start harvesting this very popular product in Portuguese and European homes.<br><span style=\"font-size: 16px; font-style: normal; font-weight: 400;\">For more information about the product, do not hesitate to contact us.<\/span><\/p><\/div><\/div>\t\t<\/div>\n\t\t\t\t<\/div>\n\t\t\t\t<div class=\"elementor-element elementor-element-7abb02d elementor-align-center elementor-widget elementor-widget-button\" data-id=\"7abb02d\" data-element_type=\"widget\" data-widget_type=\"button.default\">\n\t\t\t\t<div class=\"elementor-widget-container\">\n\t\t\t\t\t<div class=\"elementor-button-wrapper\">\n\t\t\t<a href=\"https:\/\/berrygoods.pt\/en\/contact\/\" class=\"elementor-button-link elementor-button elementor-size-sm\" role=\"button\">\n\t\t\t\t\t\t<span class=\"elementor-button-content-wrapper\">\n\t\t\t\t\t\t<span class=\"elementor-button-icon elementor-align-icon-right\">\n\t\t\t\t<i aria-hidden=\"true\" class=\"fas fa-long-arrow-alt-right\"><\/i>\t\t\t<\/span>\n\t\t\t\t\t\t<span class=\"elementor-button-text\">Contact Us<\/span>\n\t\t<\/span>\n\t\t\t\t\t<\/a>\n\t\t<\/div>\n\t\t\t\t<\/div>\n\t\t\t\t<\/div>\n\t\t\t\t\t<\/div>\n\t\t<\/div>\n\t\t\t\t<div class=\"elementor-column elementor-col-50 elementor-inner-column elementor-element elementor-element-f34c2fd elementor-hidden-phone\" data-id=\"f34c2fd\" data-element_type=\"column\">\n\t\t\t<div class=\"elementor-widget-wrap elementor-element-populated\">\n\t\t\t\t\t\t\t\t<div class=\"elementor-element elementor-element-1810ff2 elementor-widget elementor-widget-image\" data-id=\"1810ff2\" data-element_type=\"widget\" data-widget_type=\"image.default\">\n\t\t\t\t<div class=\"elementor-widget-container\">\n\t\t\t\t\t<div class=\"elementor-image\">\n\t\t\t\t\t\t\t\t\t\t<img width=\"944\" height=\"630\" src=\"https:\/\/berrygoods.pt\/wp-content\/uploads\/2021\/02\/Foto-Uvas.jpg\" class=\"attachment-large size-large\" alt=\"\" decoding=\"async\" loading=\"lazy\" srcset=\"https:\/\/berrygoods.pt\/wp-content\/uploads\/2021\/02\/Foto-Uvas.jpg 944w, https:\/\/berrygoods.pt\/wp-content\/uploads\/2021\/02\/Foto-Uvas-300x200.jpg 300w, https:\/\/berrygoods.pt\/wp-content\/uploads\/2021\/02\/Foto-Uvas-768x513.jpg 768w\" sizes=\"(max-width: 944px) 100vw, 944px\" \/>\t\t\t\t\t\t\t\t\t\t\t<\/div>\n\t\t\t\t<\/div>\n\t\t\t\t<\/div>\n\t\t\t\t\t<\/div>\n\t\t<\/div>\n\t\t\t\t\t\t\t<\/div>\n\t\t<\/section>\n\t\t\t\t\t<\/div>\n\t\t<\/div>\n\t\t\t\t\t\t\t<\/div>\n\t\t<\/section>\n\t\t\t\t\t\t<\/div>\n\t\t\t\t\t<\/div>","protected":false},"excerpt":{"rendered":"<p>OS NOSSOS PRODUTOS FRAMBOESA A Framboesa \u00e9 o nosso principal produto. Vendemos para os mercados os mercados nacional e europeu. A Berrygoods produz duas esp\u00e9cies de Framboesa, Kueli e Imara, ambas perfeitamente adaptadas ao clima local. A colheita d\u00e1-se entre Maio e Janeiro.Para mais informa\u00e7\u00f5es sobre o produto, n\u00e3o hesite em nos contactar. Contacte-nos MARACUJ\u00c1 &hellip;<\/p>\n<p class=\"read-more\"> <a class=\"\" href=\"https:\/\/berrygoods.pt\/en\/produtos\/\"> <span class=\"screen-reader-text\">Services<\/span> Read More &raquo;<\/a><\/p>","protected":false},"author":1,"featured_media":0,"parent":0,"menu_order":0,"comment_status":"closed","ping_status":"closed","template":"","meta":[],"_links":{"self":[{"href":"https:\/\/berrygoods.pt\/en\/wp-json\/wp\/v2\/pages\/6"}],"collection":[{"href":"https:\/\/berrygoods.pt\/en\/wp-json\/wp\/v2\/pages"}],"about":[{"href":"https:\/\/berrygoods.pt\/en\/wp-json\/wp\/v2\/types\/page"}],"author":[{"embeddable":true,"href":"https:\/\/berrygoods.pt\/en\/wp-json\/wp\/v2\/users\/1"}],"replies":[{"embeddable":true,"href":"https:\/\/berrygoods.pt\/en\/wp-json\/wp\/v2\/comments?post=6"}],"version-history":[{"count":53,"href":"https:\/\/berrygoods.pt\/en\/wp-json\/wp\/v2\/pages\/6\/revisions"}],"predecessor-version":[{"id":806,"href":"https:\/\/berrygoods.pt\/en\/wp-json\/wp\/v2\/pages\/6\/revisions\/806"}],"wp:attachment":[{"href":"https:\/\/berrygoods.pt\/en\/wp-json\/wp\/v2\/media?parent=6"}],"curies":[{"name":"wp","href":"https:\/\/api.w.org\/{rel}","templated":true}]}}